{"id":38796,"date":"2024-05-22T16:37:42","date_gmt":"2024-05-22T19:37:42","guid":{"rendered":"https:\/\/supremaluvas.com.br\/?page_id=38796"},"modified":"2024-10-09T20:12:21","modified_gmt":"2024-10-09T23:12:21","slug":"pilares-estrategicos","status":"publish","type":"page","link":"https:\/\/supremaluvas.com.br\/es\/pilares-estrategicos\/","title":{"rendered":"Pilares Estrat\u00e9gicos"},"content":{"rendered":"\t\t<div data-elementor-type=\"wp-page\" data-elementor-id=\"38796\" class=\"elementor elementor-38796 elementor-178\" data-elementor-post-type=\"page\">\n\t\t\t\t<section class=\"elementor-element elementor-element-76a7507 e-con-full e-flex e-con e-parent\" data-id=\"76a7507\" data-element_type=\"container\" data-e-type=\"container\" data-settings=\"{&quot;background_background&quot;:&quot;classic&quot;}\">\n\t\t<div class=\"elementor-element elementor-element-89c5189 e-flex e-con-boxed e-con e-child\" data-id=\"89c5189\" data-element_type=\"container\" data-e-type=\"container\" data-settings=\"{&quot;background_background&quot;:&quot;classic&quot;}\">\n\t\t\t\t\t<div class=\"e-con-inner\">\n\t\t<div class=\"elementor-element elementor-element-c731635 e-con-full e-flex e-con e-child\" data-id=\"c731635\" data-element_type=\"container\" data-e-type=\"container\">\n\t\t\t\t<div class=\"elementor-element elementor-element-90498e6 elementor-widget elementor-widget-heading\" data-id=\"90498e6\" data-element_type=\"widget\" data-e-type=\"widget\" data-widget_type=\"heading.default\">\n\t\t\t\t<div class=\"elementor-widget-container\">\n\t\t\t\t\t<h1 class=\"elementor-heading-title elementor-size-default\">Pilares Estrat\u00e9gicos<\/h1>\t\t\t\t<\/div>\n\t\t\t\t<\/div>\n\t\t\t\t<div class=\"elementor-element elementor-element-37d60da elementor-widget elementor-widget-text-editor\" data-id=\"37d60da\" data-element_type=\"widget\" data-e-type=\"widget\" data-widget_type=\"text-editor.default\">\n\t\t\t\t<div class=\"elementor-widget-container\">\n\t\t\t\t\t\t\t\t\t<h2>Misi\u00f3n<\/h2>\nProteger vidas en el entorno laboral<br> con comodidad y seguridad.\n<h2>Visi\u00f3n<\/h2>\nEstar entre las mejores empresas fabricantes de equipos de protecci\u00f3n personal en Brasil.\n<h2>Valores<\/h2>\n<ul>\n \t<li>Credibilidad<\/li>\n \t<li>\u00c9tica<\/li>\n \t<li>Innovaci\u00f3n<\/li>\n \t<li>Compromiso con el cliente<\/li>\n \t<li>Respeto al medio ambiente<\/li>\n<\/ul>\t\t\t\t\t\t\t\t<\/div>\n\t\t\t\t<\/div>\n\t\t\t\t<\/div>\n\t\t<div class=\"elementor-element elementor-element-54acd10 e-con-full e-flex e-con e-child\" data-id=\"54acd10\" data-element_type=\"container\" data-e-type=\"container\">\n\t\t\t\t<div class=\"elementor-element elementor-element-e92fe44 elementor-arrows-position-inside elementor-widget elementor-widget-n-carousel\" data-id=\"e92fe44\" data-element_type=\"widget\" data-e-type=\"widget\" data-settings=\"{&quot;carousel_items&quot;:[{&quot;slide_title&quot;:&quot;Slide #1&quot;,&quot;_id&quot;:&quot;910f2d9&quot;},{&quot;slide_title&quot;:&quot;Slide #2&quot;,&quot;_id&quot;:&quot;e9d5353&quot;}],&quot;slides_to_show&quot;:&quot;1&quot;,&quot;image_spacing_custom&quot;:{&quot;unit&quot;:&quot;px&quot;,&quot;size&quot;:&quot;&quot;,&quot;sizes&quot;:[]},&quot;slides_to_show_tablet&quot;:&quot;1&quot;,&quot;slides_to_show_mobile&quot;:&quot;1&quot;,&quot;autoplay&quot;:&quot;yes&quot;,&quot;autoplay_speed&quot;:5000,&quot;pause_on_hover&quot;:&quot;yes&quot;,&quot;pause_on_interaction&quot;:&quot;yes&quot;,&quot;infinite&quot;:&quot;yes&quot;,&quot;speed&quot;:500,&quot;offset_sides&quot;:&quot;none&quot;,&quot;arrows&quot;:&quot;yes&quot;,&quot;image_spacing_custom_laptop&quot;:{&quot;unit&quot;:&quot;px&quot;,&quot;size&quot;:&quot;&quot;,&quot;sizes&quot;:[]},&quot;image_spacing_custom_tablet_extra&quot;:{&quot;unit&quot;:&quot;px&quot;,&quot;size&quot;:&quot;&quot;,&quot;sizes&quot;:[]},&quot;image_spacing_custom_tablet&quot;:{&quot;unit&quot;:&quot;px&quot;,&quot;size&quot;:&quot;&quot;,&quot;sizes&quot;:[]},&quot;image_spacing_custom_mobile_extra&quot;:{&quot;unit&quot;:&quot;px&quot;,&quot;size&quot;:&quot;&quot;,&quot;sizes&quot;:[]},&quot;image_spacing_custom_mobile&quot;:{&quot;unit&quot;:&quot;px&quot;,&quot;size&quot;:&quot;&quot;,&quot;sizes&quot;:[]}}\" data-widget_type=\"nested-carousel.default\">\n\t\t\t\t<div class=\"elementor-widget-container\">\n\t\t\t\t\t\t\t<div class=\"e-n-carousel swiper\" role=\"region\" aria-roledescription=\"carousel\" aria-label=\"Carousel\" dir=\"ltr\">\r\n\t\t\t<div class=\"swiper-wrapper\" aria-live=\"off\">\r\n\t\t\t\t\t\t\t\t\t\t<div class=\"swiper-slide\" data-slide=\"1\" role=\"group\" aria-roledescription=\"slide\" aria-label=\"1 of 2\">\r\n\t\t\t\t\t\t\t<div class=\"elementor-element elementor-element-2b103fc e-flex e-con-boxed e-con e-child\" data-id=\"2b103fc\" data-element_type=\"container\" data-e-type=\"container\">\n\t\t\t\t\t<div class=\"e-con-inner\">\n\t\t<div class=\"elementor-element elementor-element-7562547 e-con-full e-flex e-con e-child\" data-id=\"7562547\" data-element_type=\"container\" data-e-type=\"container\">\n\t\t\t\t<div class=\"elementor-element elementor-element-2d9835a elementor-widget elementor-widget-image\" data-id=\"2d9835a\" data-element_type=\"widget\" data-e-type=\"widget\" data-widget_type=\"image.default\">\n\t\t\t\t<div class=\"elementor-widget-container\">\n\t\t\t\t\t\t\t\t\t\t\t\t\t\t\t<img decoding=\"async\" src=\"https:\/\/supremaluvas.com.br\/wp-content\/uploads\/elementor\/thumbs\/Pilares-estrategicos-suprema-1-qvq3hec0f1otj9940ssjay5mvy9rrxxed7lgc8gwe8.png\" title=\"Pilares-estrategicos-suprema-1\" alt=\"Pilares-estrategicos-suprema-1\" loading=\"lazy\" \/>\t\t\t\t\t\t\t\t\t\t\t\t\t\t\t<\/div>\n\t\t\t\t<\/div>\n\t\t\t\t<\/div>\n\t\t\t\t\t<\/div>\n\t\t\t\t<\/div>\n\t\t\t\t\t\t\t\t<\/div>\r\n\t\t\t\t\t\t\t\t\t\t\t<div class=\"swiper-slide\" data-slide=\"2\" role=\"group\" aria-roledescription=\"slide\" aria-label=\"2 of 2\">\r\n\t\t\t\t\t\t\t<div class=\"elementor-element elementor-element-f993b8b e-flex e-con-boxed e-con e-child\" data-id=\"f993b8b\" data-element_type=\"container\" data-e-type=\"container\">\n\t\t\t\t\t<div class=\"e-con-inner\">\n\t\t<div class=\"elementor-element elementor-element-0341a6f e-con-full e-flex e-con e-child\" data-id=\"0341a6f\" data-element_type=\"container\" data-e-type=\"container\">\n\t\t\t\t<div class=\"elementor-element elementor-element-ac73c4a elementor-widget elementor-widget-image\" data-id=\"ac73c4a\" data-element_type=\"widget\" data-e-type=\"widget\" data-widget_type=\"image.default\">\n\t\t\t\t<div class=\"elementor-widget-container\">\n\t\t\t\t\t\t\t\t\t\t\t\t\t\t\t<img decoding=\"async\" src=\"https:\/\/supremaluvas.com.br\/wp-content\/uploads\/elementor\/thumbs\/Pilares-estrategicos-suprema-2-qvq3hjz1k1wjgx0x3v8apwqeg9hz24jsdzid7w8jcw.png\" title=\"Pilares-estrategicos-suprema-2\" alt=\"Pilares-estrategicos-suprema-2\" loading=\"lazy\" \/>\t\t\t\t\t\t\t\t\t\t\t\t\t\t\t<\/div>\n\t\t\t\t<\/div>\n\t\t\t\t<\/div>\n\t\t\t\t\t<\/div>\n\t\t\t\t<\/div>\n\t\t\t\t\t\t\t\t<\/div>\r\n\t\t\t\t\t\t\t\t<\/div>\r\n\t\t<\/div>\r\n\t\t\t\t\t<div class=\"elementor-swiper-button elementor-swiper-button-prev\" role=\"button\" tabindex=\"0\" aria-label=\"Previous\">\r\n\t\t\t\t<svg xmlns=\"http:\/\/www.w3.org\/2000\/svg\" id=\"Layer_1\" data-name=\"Layer 1\" viewBox=\"0 0 24 24\"><path d=\"m12,18c-.4,0-.777-.156-1.061-.439L.112,6.733l.707-.707,10.827,10.827c.189.189.518.189.707,0l10.827-10.827.707.707-10.827,10.827c-.283.283-.66.439-1.061.439Z\"><\/path><\/svg>\t\t\t<\/div>\r\n\t\t\t<div class=\"elementor-swiper-button elementor-swiper-button-next\" role=\"button\" tabindex=\"0\" aria-label=\"Next\">\r\n\t\t\t\t<svg xmlns=\"http:\/\/www.w3.org\/2000\/svg\" id=\"Layer_1\" data-name=\"Layer 1\" viewBox=\"0 0 24 24\"><path d=\"m23.181,17.974L12.354,7.146c-.189-.189-.518-.189-.707,0L.819,17.974l-.707-.707L10.939,6.439c.566-.566,1.555-.566,2.121,0l10.827,10.827-.707.707Z\"><\/path><\/svg>\t\t\t<\/div>\r\n\t\t\t\t\t\t<\/div>\n\t\t\t\t<\/div>\n\t\t\t\t<\/div>\n\t\t\t\t\t<\/div>\n\t\t\t\t<\/div>\n\t\t\t\t<\/section>\n\t\t\t\t<\/div>\n\t\t","protected":false},"excerpt":{"rendered":"<p>Pilares Estrat\u00e9gicos Misi\u00f3n Proteger vidas en el entorno laboral con comodidad y seguridad. Visi\u00f3n Estar entre las mejores empresas fabricantes de equipos de protecci\u00f3n personal en Brasil. Valores Credibilidad \u00c9tica Innovaci\u00f3n Compromiso con el cliente Respeto al medio ambiente<\/p>\n","protected":false},"author":3,"featured_media":0,"parent":0,"menu_order":0,"comment_status":"closed","ping_status":"closed","template":"","meta":{"_acf_changed":false,"footnotes":""},"class_list":["post-38796","page","type-page","status-publish","hentry"],"acf":[],"_links":{"self":[{"href":"https:\/\/supremaluvas.com.br\/es\/wp-json\/wp\/v2\/pages\/38796","targetHints":{"allow":["GET"]}}],"collection":[{"href":"https:\/\/supremaluvas.com.br\/es\/wp-json\/wp\/v2\/pages"}],"about":[{"href":"https:\/\/supremaluvas.com.br\/es\/wp-json\/wp\/v2\/types\/page"}],"author":[{"embeddable":true,"href":"https:\/\/supremaluvas.com.br\/es\/wp-json\/wp\/v2\/users\/3"}],"replies":[{"embeddable":true,"href":"https:\/\/supremaluvas.com.br\/es\/wp-json\/wp\/v2\/comments?post=38796"}],"version-history":[{"count":0,"href":"https:\/\/supremaluvas.com.br\/es\/wp-json\/wp\/v2\/pages\/38796\/revisions"}],"wp:attachment":[{"href":"https:\/\/supremaluvas.com.br\/es\/wp-json\/wp\/v2\/media?parent=38796"}],"curies":[{"name":"wp","href":"https:\/\/api.w.org\/{rel}","templated":true}]}}