{"id":38835,"date":"2024-05-22T16:37:42","date_gmt":"2024-05-22T19:37:42","guid":{"rendered":"https:\/\/supremaluvas.com.br\/?page_id=38835"},"modified":"2024-10-09T20:09:07","modified_gmt":"2024-10-09T23:09:07","slug":"quienes-somos","status":"publish","type":"page","link":"https:\/\/supremaluvas.com.br\/es\/quienes-somos\/","title":{"rendered":"Qui\u00e9nes Somos"},"content":{"rendered":"\t\t<div data-elementor-type=\"wp-page\" data-elementor-id=\"38835\" class=\"elementor elementor-38835 elementor-184\" data-elementor-post-type=\"page\">\n\t\t\t\t<section class=\"elementor-element elementor-element-6cdd122 e-con-full e-flex e-con e-parent\" data-id=\"6cdd122\" data-element_type=\"container\" data-e-type=\"container\" data-settings=\"{&quot;background_background&quot;:&quot;classic&quot;}\">\n\t\t<div class=\"elementor-element elementor-element-0b3c8d4 e-flex e-con-boxed e-con e-child\" data-id=\"0b3c8d4\" data-element_type=\"container\" data-e-type=\"container\" data-settings=\"{&quot;background_background&quot;:&quot;classic&quot;}\">\n\t\t\t\t\t<div class=\"e-con-inner\">\n\t\t<div class=\"elementor-element elementor-element-b1da624 e-con-full e-flex e-con e-child\" data-id=\"b1da624\" data-element_type=\"container\" data-e-type=\"container\">\n\t\t\t\t<div class=\"elementor-element elementor-element-bfb89f2 elementor-widget elementor-widget-heading\" data-id=\"bfb89f2\" data-element_type=\"widget\" data-e-type=\"widget\" data-widget_type=\"heading.default\">\n\t\t\t\t<div class=\"elementor-widget-container\">\n\t\t\t\t\t<h1 class=\"elementor-heading-title elementor-size-default\">Qui\u00e9nes Somos<\/h1>\t\t\t\t<\/div>\n\t\t\t\t<\/div>\n\t\t\t\t<div class=\"elementor-element elementor-element-6cb3af2 elementor-widget elementor-widget-text-editor\" data-id=\"6cb3af2\" data-element_type=\"widget\" data-e-type=\"widget\" data-widget_type=\"text-editor.default\">\n\t\t\t\t<div class=\"elementor-widget-container\">\n\t\t\t\t\t\t\t\t\t<p>SUPREMA lleva en el mercado desde 1998 y destaca por su fabricaci\u00f3n de guantes y prendas para diversos segmentos, como construcci\u00f3n, metalurgia, siderurgia, entre otros.<\/p><p>Credibilidad, compromiso con el cliente desarrollo de productos y puntualidad hacen de hacen de <strong>SUPREMA<\/strong> una de las empresas m\u00e1s respetadas segmento de fabricaci\u00f3n de <strong>EPIs de Alta Temperatura. <\/strong><\/p><p>Contacte con nosotros.<\/p><p><strong>SUPREMA | EPI Alta Temperatura<\/strong><\/p>\t\t\t\t\t\t\t\t<\/div>\n\t\t\t\t<\/div>\n\t\t\t\t<\/div>\n\t\t<div class=\"elementor-element elementor-element-3a1c4e3 e-con-full e-flex e-con e-child\" data-id=\"3a1c4e3\" data-element_type=\"container\" data-e-type=\"container\">\n\t\t\t\t<div class=\"elementor-element elementor-element-3b83bcc elementor-arrows-position-inside elementor-widget elementor-widget-n-carousel\" data-id=\"3b83bcc\" data-element_type=\"widget\" data-e-type=\"widget\" data-settings=\"{&quot;carousel_items&quot;:[{&quot;slide_title&quot;:&quot;Slide #1&quot;,&quot;_id&quot;:&quot;910f2d9&quot;},{&quot;slide_title&quot;:&quot;Slide #2&quot;,&quot;_id&quot;:&quot;e9d5353&quot;}],&quot;slides_to_show&quot;:&quot;1&quot;,&quot;image_spacing_custom&quot;:{&quot;unit&quot;:&quot;px&quot;,&quot;size&quot;:&quot;&quot;,&quot;sizes&quot;:[]},&quot;slides_to_show_tablet&quot;:&quot;1&quot;,&quot;slides_to_show_mobile&quot;:&quot;1&quot;,&quot;autoplay&quot;:&quot;yes&quot;,&quot;autoplay_speed&quot;:5000,&quot;pause_on_hover&quot;:&quot;yes&quot;,&quot;pause_on_interaction&quot;:&quot;yes&quot;,&quot;infinite&quot;:&quot;yes&quot;,&quot;speed&quot;:500,&quot;offset_sides&quot;:&quot;none&quot;,&quot;arrows&quot;:&quot;yes&quot;,&quot;image_spacing_custom_laptop&quot;:{&quot;unit&quot;:&quot;px&quot;,&quot;size&quot;:&quot;&quot;,&quot;sizes&quot;:[]},&quot;image_spacing_custom_tablet_extra&quot;:{&quot;unit&quot;:&quot;px&quot;,&quot;size&quot;:&quot;&quot;,&quot;sizes&quot;:[]},&quot;image_spacing_custom_tablet&quot;:{&quot;unit&quot;:&quot;px&quot;,&quot;size&quot;:&quot;&quot;,&quot;sizes&quot;:[]},&quot;image_spacing_custom_mobile_extra&quot;:{&quot;unit&quot;:&quot;px&quot;,&quot;size&quot;:&quot;&quot;,&quot;sizes&quot;:[]},&quot;image_spacing_custom_mobile&quot;:{&quot;unit&quot;:&quot;px&quot;,&quot;size&quot;:&quot;&quot;,&quot;sizes&quot;:[]}}\" data-widget_type=\"nested-carousel.default\">\n\t\t\t\t<div class=\"elementor-widget-container\">\n\t\t\t\t\t\t\t<div class=\"e-n-carousel swiper\" role=\"region\" aria-roledescription=\"carousel\" aria-label=\"Carousel\" dir=\"ltr\">\r\n\t\t\t<div class=\"swiper-wrapper\" aria-live=\"off\">\r\n\t\t\t\t\t\t\t\t\t\t<div class=\"swiper-slide\" data-slide=\"1\" role=\"group\" aria-roledescription=\"slide\" aria-label=\"1 of 2\">\r\n\t\t\t\t\t\t\t<div class=\"elementor-element elementor-element-0e8a85a e-flex e-con-boxed e-con e-child\" data-id=\"0e8a85a\" data-element_type=\"container\" data-e-type=\"container\">\n\t\t\t\t\t<div class=\"e-con-inner\">\n\t\t<div class=\"elementor-element elementor-element-5bf09bf e-con-full e-flex e-con e-child\" data-id=\"5bf09bf\" data-element_type=\"container\" data-e-type=\"container\">\n\t\t\t\t<div class=\"elementor-element elementor-element-3b4f86a elementor-widget elementor-widget-image\" data-id=\"3b4f86a\" data-element_type=\"widget\" data-e-type=\"widget\" data-widget_type=\"image.default\">\n\t\t\t\t<div class=\"elementor-widget-container\">\n\t\t\t\t\t\t\t\t\t\t\t\t\t\t\t<img decoding=\"async\" src=\"https:\/\/supremaluvas.com.br\/wp-content\/uploads\/elementor\/thumbs\/capuz_alumizado_ouro-e1725035378383-qvq3gulefixsrg1s829dcl4yeuz2aar1ahw99fa60w.png\" title=\"capuz_alumizado_ouro\" alt=\"capuz_alumizado_ouro\" loading=\"lazy\" \/>\t\t\t\t\t\t\t\t\t\t\t\t\t\t\t<\/div>\n\t\t\t\t<\/div>\n\t\t\t\t<\/div>\n\t\t\t\t\t<\/div>\n\t\t\t\t<\/div>\n\t\t\t\t\t\t\t\t<\/div>\r\n\t\t\t\t\t\t\t\t\t\t\t<div class=\"swiper-slide\" data-slide=\"2\" role=\"group\" aria-roledescription=\"slide\" aria-label=\"2 of 2\">\r\n\t\t\t\t\t\t\t<div class=\"elementor-element elementor-element-978a32a e-flex e-con-boxed e-con e-child\" data-id=\"978a32a\" data-element_type=\"container\" data-e-type=\"container\">\n\t\t\t\t\t<div class=\"e-con-inner\">\n\t\t<div class=\"elementor-element elementor-element-bb68410 e-con-full e-flex e-con e-child\" data-id=\"bb68410\" data-element_type=\"container\" data-e-type=\"container\">\n\t\t\t\t<div class=\"elementor-element elementor-element-b7a5513 elementor-widget elementor-widget-image\" data-id=\"b7a5513\" data-element_type=\"widget\" data-e-type=\"widget\" data-widget_type=\"image.default\">\n\t\t\t\t<div class=\"elementor-widget-container\">\n\t\t\t\t\t\t\t\t\t\t\t\t\t\t\t<img decoding=\"async\" src=\"https:\/\/supremaluvas.com.br\/wp-content\/uploads\/elementor\/thumbs\/protetor_facial_para_alta_temperatura_ouro-e1725035353652-qvq3h3zsbvanzjo4p6bn1irkcpoqf9scnsf426w8ao.png\" title=\"protetor_facial_para_alta_temperatura_ouro\" alt=\"protetor_facial_para_alta_temperatura_ouro\" loading=\"lazy\" \/>\t\t\t\t\t\t\t\t\t\t\t\t\t\t\t<\/div>\n\t\t\t\t<\/div>\n\t\t\t\t<\/div>\n\t\t\t\t\t<\/div>\n\t\t\t\t<\/div>\n\t\t\t\t\t\t\t\t<\/div>\r\n\t\t\t\t\t\t\t\t<\/div>\r\n\t\t<\/div>\r\n\t\t\t\t\t<div class=\"elementor-swiper-button elementor-swiper-button-prev\" role=\"button\" tabindex=\"0\" aria-label=\"Previous\">\r\n\t\t\t\t<svg xmlns=\"http:\/\/www.w3.org\/2000\/svg\" id=\"Layer_1\" data-name=\"Layer 1\" viewBox=\"0 0 24 24\"><path d=\"m12,18c-.4,0-.777-.156-1.061-.439L.112,6.733l.707-.707,10.827,10.827c.189.189.518.189.707,0l10.827-10.827.707.707-10.827,10.827c-.283.283-.66.439-1.061.439Z\"><\/path><\/svg>\t\t\t<\/div>\r\n\t\t\t<div class=\"elementor-swiper-button elementor-swiper-button-next\" role=\"button\" tabindex=\"0\" aria-label=\"Next\">\r\n\t\t\t\t<svg xmlns=\"http:\/\/www.w3.org\/2000\/svg\" id=\"Layer_1\" data-name=\"Layer 1\" viewBox=\"0 0 24 24\"><path d=\"m23.181,17.974L12.354,7.146c-.189-.189-.518-.189-.707,0L.819,17.974l-.707-.707L10.939,6.439c.566-.566,1.555-.566,2.121,0l10.827,10.827-.707.707Z\"><\/path><\/svg>\t\t\t<\/div>\r\n\t\t\t\t\t\t<\/div>\n\t\t\t\t<\/div>\n\t\t\t\t<\/div>\n\t\t\t\t\t<\/div>\n\t\t\t\t<\/div>\n\t\t\t\t<\/section>\n\t\t\t\t<\/div>\n\t\t","protected":false},"excerpt":{"rendered":"<p>Qui\u00e9nes Somos SUPREMA lleva en el mercado desde 1998 y destaca por su fabricaci\u00f3n de guantes y prendas para diversos segmentos, como construcci\u00f3n, metalurgia, siderurgia, entre otros. Credibilidad, compromiso con el cliente desarrollo de productos y puntualidad hacen de hacen de SUPREMA una de las empresas m\u00e1s respetadas segmento de fabricaci\u00f3n de EPIs de Alta [&hellip;]<\/p>\n","protected":false},"author":3,"featured_media":0,"parent":0,"menu_order":0,"comment_status":"closed","ping_status":"closed","template":"","meta":{"_acf_changed":false,"footnotes":""},"class_list":["post-38835","page","type-page","status-publish","hentry"],"acf":[],"_links":{"self":[{"href":"https:\/\/supremaluvas.com.br\/es\/wp-json\/wp\/v2\/pages\/38835","targetHints":{"allow":["GET"]}}],"collection":[{"href":"https:\/\/supremaluvas.com.br\/es\/wp-json\/wp\/v2\/pages"}],"about":[{"href":"https:\/\/supremaluvas.com.br\/es\/wp-json\/wp\/v2\/types\/page"}],"author":[{"embeddable":true,"href":"https:\/\/supremaluvas.com.br\/es\/wp-json\/wp\/v2\/users\/3"}],"replies":[{"embeddable":true,"href":"https:\/\/supremaluvas.com.br\/es\/wp-json\/wp\/v2\/comments?post=38835"}],"version-history":[{"count":0,"href":"https:\/\/supremaluvas.com.br\/es\/wp-json\/wp\/v2\/pages\/38835\/revisions"}],"wp:attachment":[{"href":"https:\/\/supremaluvas.com.br\/es\/wp-json\/wp\/v2\/media?parent=38835"}],"curies":[{"name":"wp","href":"https:\/\/api.w.org\/{rel}","templated":true}]}}